{"id":1664,"date":"2022-12-19T18:15:13","date_gmt":"2022-12-19T18:15:13","guid":{"rendered":"https:\/\/mirage-etterem.hu\/?page_id=1664"},"modified":"2023-06-08T08:58:22","modified_gmt":"2023-06-08T08:58:22","slug":"etlap-new","status":"publish","type":"page","link":"https:\/\/mirage-etterem.hu\/en\/etlap-new\/","title":{"rendered":"\u00c9tlap-NEW"},"content":{"rendered":"\t\t<div data-elementor-type=\"wp-page\" data-elementor-id=\"1664\" class=\"elementor elementor-1664\" data-elementor-post-type=\"page\">\n\t\t\t\t<div class=\"elementor-element elementor-element-0bf73af e-flex e-con-boxed e-con e-parent\" data-id=\"0bf73af\" data-element_type=\"container\" data-e-type=\"container\" data-settings=\"{&quot;background_background&quot;:&quot;classic&quot;}\">\n\t\t\t\t\t<div class=\"e-con-inner\">\n\t\t<div class=\"elementor-element elementor-element-2a803e8 e-flex e-con-boxed e-con e-parent\" data-id=\"2a803e8\" data-element_type=\"container\" data-e-type=\"container\">\n\t\t\t\t\t<div class=\"e-con-inner\">\n\t\t<div class=\"elementor-element elementor-element-678e7be e-con-full e-flex e-con e-parent\" data-id=\"678e7be\" data-element_type=\"container\" data-e-type=\"container\">\n\t\t\t\t<div class=\"elementor-element elementor-element-89f234b elementor-widget-mobile__width-inherit elementor-widget elementor-widget-heading\" data-id=\"89f234b\" data-element_type=\"widget\" data-e-type=\"widget\" data-widget_type=\"heading.default\">\n\t\t\t\t<div class=\"elementor-widget-container\">\n\t\t\t\t\t<h2 class=\"elementor-heading-title elementor-size-default\">Mi v\u00e1runk, ha tudjuk, hogy j\u00f6ssz!<\/h2>\t\t\t\t<\/div>\n\t\t\t\t<\/div>\n\t\t\t\t<div class=\"elementor-element elementor-element-f7d82b1 elementor-widget-mobile__width-inherit elementor-widget elementor-widget-heading\" data-id=\"f7d82b1\" data-element_type=\"widget\" data-e-type=\"widget\" data-widget_type=\"heading.default\">\n\t\t\t\t<div class=\"elementor-widget-container\">\n\t\t\t\t\t<h2 class=\"elementor-heading-title elementor-size-default\">ASZTALFOGLAL\u00c1S<\/h2>\t\t\t\t<\/div>\n\t\t\t\t<\/div>\n\t\t\t\t<div class=\"elementor-element elementor-element-ba9d710 elementor-widget elementor-widget-text-editor\" data-id=\"ba9d710\" data-element_type=\"widget\" data-e-type=\"widget\" data-widget_type=\"text-editor.default\">\n\t\t\t\t<div class=\"elementor-widget-container\">\n\t\t\t\t\t\t\t\t\tFoglald le asztalod n\u00e9h\u00e1ny kattint\u00e1ssal, \u00edgy felk\u00e9sz\u00fclten v\u00e1runk majd a megadott id\u0151pontban, hogy \u00e9tterm\u00fcnk legjav\u00e1t ny\u00fajthassuk Neked \u00e9s a veled \u00e9rkez\u0151knek! Foglal\u00e1si napt\u00e1runkb\u00f3l k\u00f6nnyen ki tudod v\u00e1lasztani a d\u00e1tumot, ezt k\u00f6vet\u0151en a tervezett id\u0151pontot, majd azt, hogy h\u00e1ny f\u0151vel \u00e9rkeztek. Ha valamilyen k\u00e9r\u00e9sed is van, akkor azt a megjegyz\u00e9shez be\u00edrva tudod elk\u00fcldeni nek\u00fcnk. Ha nagyobb t\u00e1rsas\u00e1ggal \u00e9rkezn\u00e9l (10 f\u0151 felett), akkor k\u00e9rj\u00fck keress minket el\u00e9rhet\u0151s\u00e9geinken.\t\t\t\t\t\t\t\t<\/div>\n\t\t\t\t<\/div>\n\t\t<div class=\"elementor-element elementor-element-39bfe6e e-flex e-con-boxed e-con e-parent\" data-id=\"39bfe6e\" data-element_type=\"container\" data-e-type=\"container\">\n\t\t\t\t\t<div class=\"e-con-inner\">\n\t\t\t\t<div class=\"elementor-element elementor-element-f59620a elementor-view-stacked elementor-shape-circle elementor-widget elementor-widget-icon\" data-id=\"f59620a\" data-element_type=\"widget\" data-e-type=\"widget\" data-widget_type=\"icon.default\">\n\t\t\t\t<div class=\"elementor-widget-container\">\n\t\t\t\t\t\t\t<div class=\"elementor-icon-wrapper\">\n\t\t\t<a class=\"elementor-icon\" href=\"tel:+3652898150%20\">\n\t\t\t<i aria-hidden=\"true\" class=\"fas fa-phone\"><\/i>\t\t\t<\/a>\n\t\t<\/div>\n\t\t\t\t\t\t<\/div>\n\t\t\t\t<\/div>\n\t\t\t\t<div class=\"elementor-element elementor-element-dda2a0b elementor-view-stacked elementor-shape-circle elementor-widget elementor-widget-icon\" data-id=\"dda2a0b\" data-element_type=\"widget\" data-e-type=\"widget\" data-widget_type=\"icon.default\">\n\t\t\t\t<div class=\"elementor-widget-container\">\n\t\t\t\t\t\t\t<div class=\"elementor-icon-wrapper\">\n\t\t\t<a class=\"elementor-icon\" href=\"mailto:info@mirage-etterem.hu\">\n\t\t\t<i aria-hidden=\"true\" class=\"fas fa-envelope\"><\/i>\t\t\t<\/a>\n\t\t<\/div>\n\t\t\t\t\t\t<\/div>\n\t\t\t\t<\/div>\n\t\t\t\t\t<\/div>\n\t\t\t\t<\/div>\n\t\t\t\t<\/div>\n\t\t<div class=\"elementor-element elementor-element-d81e08f e-flex e-con-boxed e-con e-parent\" data-id=\"d81e08f\" data-element_type=\"container\" data-e-type=\"container\" data-settings=\"{&quot;background_background&quot;:&quot;classic&quot;}\">\n\t\t\t\t\t<div class=\"e-con-inner\">\n\t\t\t\t<div class=\"elementor-element elementor-element-1b0c834 elementor-widget elementor-widget-jet-form-builder-form\" data-id=\"1b0c834\" data-element_type=\"widget\" data-e-type=\"widget\" data-widget_type=\"jet-form-builder-form.default\">\n\t\t\t\t<div class=\"elementor-widget-container\">\n\t\t\t\t\t<link rel='stylesheet' id='wp-block-library-css' href='https:\/\/mirage-etterem.hu\/wp-includes\/css\/dist\/block-library\/style.min.css?ver=6.9.4' media='all' \/>\n<style id=\"jet-form-builder-1822-inline-css\"><\/style><form  class=\"jet-form-builder layout-column submit-type-reload\" action=\"https:\/\/mirage-etterem.hu\/en\/wp-json\/wp\/v2\/pages\/1664\/?OuhvFC=1m3OA7Geph&amp;method=reload\" method=\"POST\" data-form-id=\"1822\" data-layout=\"column\" enctype=\"multipart\/form-data\" novalidate=\"null\" ssr_validation_method=\"rest\"><input type=\"hidden\" id=\"_wpnonce\" name=\"_wpnonce\" value=\"8236b3ad85\" \/><input type=\"hidden\" name=\"_wp_http_referer\" value=\"\/en\/wp-json\/wp\/v2\/pages\/1664\" \/>\r\n<input type=\"hidden\" name=\"_jfb_current_render_states[]\" value=\"DEFAULT.STATE\" data-jfb-sync \/><input type=\"hidden\" class=\"jet-form-builder__field hidden-field\" name=\"_jet_engine_booking_form_id\" data-field-name=\"_jet_engine_booking_form_id\" value=\"1822\">\n<input type=\"hidden\" class=\"jet-form-builder__field hidden-field\" name=\"_jet_engine_refer\" data-field-name=\"_jet_engine_refer\" value=\"https:\/\/mirage-etterem.hu\/en\/wp-json\/wp\/v2\/pages\/1664\/\">\n<input type=\"hidden\" class=\"jet-form-builder__field hidden-field\" name=\"__queried_post_id\" data-field-name=\"__queried_post_id\" value=\"1664\">\n<div class=\"jet-form-builder-page \" data-page=\"1\" data-page-offset=\"75\">\n<input type=\"hidden\" class=\"jet-form-builder__field hidden-field\" name=\"page_id\" data-field-name=\"page_id\" data-jfb-sync=\"null\" value=\"1664\">\n\n\n\n\n<div class=\"wp-block-columns asztaltipus is-layout-flex wp-container-core-columns-is-layout-28f84493 wp-block-columns-is-layout-flex\">\n<div class=\"wp-block-column is-layout-flow wp-block-column-is-layout-flow\"><div  class=\"jet-form-builder-row field-type-select-field wp-block-jet-forms-select-field\">\n<div class=\"jet-form-builder__label\">\r\n<div class=\"jet-form-builder__label-text\">Select service<\/div><\/div><div class=\"jet-form-builder__field-wrap\">\n\t<select class=\"jet-form-builder__field select-field valasztas\" name=\"service_id\" data-field-name=\"service_id\" id=\"service_id\" data-jfb-sync=\"null\">\n\t\t<option value=\"1935\" >Asztalfoglal\u00e1s<\/option>\t<\/select>\n<\/div>\n<\/div><\/div>\n<\/div>\n\n\n<div  class=\"jet-form-builder-row field-type-appointment-date\" >\n<div class=\"jet-apb-calendar-wrapper\">\n\t<div class=\"appointment-calendar jet-apb-calendar\" data-args=\"{&quot;booking_type&quot;:&quot;range&quot;,&quot;excludedDates&quot;:[],&quot;datesMode&quot;:&quot;override_full&quot;,&quot;worksDates&quot;:[],&quot;datesRange&quot;:{&quot;start&quot;:1776729600,&quot;end&quot;:1782000000},&quot;availableWeekDays&quot;:[&quot;wednesday&quot;,&quot;thursday&quot;,&quot;friday&quot;,&quot;saturday&quot;],&quot;service&quot;:{&quot;field&quot;:&quot;service_id&quot;},&quot;providerIsset&quot;:false,&quot;provider&quot;:false,&quot;inputName&quot;:&quot;appointment_date&quot;,&quot;isRequired&quot;:false,&quot;allowedServices&quot;:false,&quot;slotAutoCheck&quot;:false}\"><\/div>\n\n\t\t<div class=\"jet-apb-calendar-appointments-list-wrapper\" style=\"display: none\">\n\t\t<div class=\"jet-form-builder__heading\">\n\t\t\t<span class=\"jet-form-builder__label-text\">Appointment details:<\/span>\n\t\t<\/div>\n\t\t<div class=\"jet-apb-calendar-appointments-list\"><\/div>\n\t<\/div>\n\t<div class=\"jet-apb-calendar-notification\" style=\"display: none\">\n\t\t<div class=\"jet-apb-calendar-notification-service\">Please, select the service first.<\/div>\n\t\t<div class=\"jet-apb-calendar-notification-provider\">Please, select the provider first.<\/div>\n\t\t<div class=\"jet-apb-calendar-notification-service-field\">Please set service field for current calendar<\/div>\n\t\t<div class=\"jet-apb-calendar-notification-max-slots\">Sorry. You have the max number of appointments.<\/div>\n\t<\/div>\n<\/div>\n<\/div>\n\n<div  class=\"jet-form-builder-row field-type-radio-field wp-block-jet-forms-radio-field\">\n<div class=\"jet-form-builder__label\">\r\n<div class=\"jet-form-builder__label-text\">Szem\u00e9lyek sz\u00e1ma <span class=\"jet-form-builder__required\">*<\/span><\/div><\/div><div class=\"jet-form-builder__fields-group checkradio-wrap\" data-jfb-sync><div class=\"jet-form-builder__field-wrap radio-wrap checkradio-wrap\"><label class=\"jet-form-builder__field-label for-radio\">\n<input type=\"radio\" name=\"szemelyek_szama\" value=\"1\" data-field-name=\"szemelyek_szama\"  class=\"jet-form-builder__field radio-field checkradio-field szemelyek\" required=\"required\"><span>1<\/span><\/label><\/div><div class=\"jet-form-builder__field-wrap radio-wrap checkradio-wrap\"><label class=\"jet-form-builder__field-label for-radio\">\n<input type=\"radio\" name=\"szemelyek_szama\" value=\"2\" data-field-name=\"szemelyek_szama\"  class=\"jet-form-builder__field radio-field checkradio-field szemelyek\" required=\"required\"><span>2<\/span><\/label><\/div><div class=\"jet-form-builder__field-wrap radio-wrap checkradio-wrap\"><label class=\"jet-form-builder__field-label for-radio\">\n<input type=\"radio\" name=\"szemelyek_szama\" value=\"3\" data-field-name=\"szemelyek_szama\"  class=\"jet-form-builder__field radio-field checkradio-field szemelyek\" required=\"required\"><span>3<\/span><\/label><\/div><div class=\"jet-form-builder__field-wrap radio-wrap checkradio-wrap\"><label class=\"jet-form-builder__field-label for-radio\">\n<input type=\"radio\" name=\"szemelyek_szama\" value=\"4\" data-field-name=\"szemelyek_szama\"  class=\"jet-form-builder__field radio-field checkradio-field szemelyek\" required=\"required\"><span>4<\/span><\/label><\/div><div class=\"jet-form-builder__field-wrap radio-wrap checkradio-wrap\"><label class=\"jet-form-builder__field-label for-radio\">\n<input type=\"radio\" name=\"szemelyek_szama\" value=\"5\" data-field-name=\"szemelyek_szama\"  class=\"jet-form-builder__field radio-field checkradio-field szemelyek\" required=\"required\"><span>5<\/span><\/label><\/div><div class=\"jet-form-builder__field-wrap radio-wrap checkradio-wrap\"><label class=\"jet-form-builder__field-label for-radio\">\n<input type=\"radio\" name=\"szemelyek_szama\" value=\"6\" data-field-name=\"szemelyek_szama\"  class=\"jet-form-builder__field radio-field checkradio-field szemelyek\" required=\"required\"><span>6<\/span><\/label><\/div><div class=\"jet-form-builder__field-wrap radio-wrap checkradio-wrap\"><label class=\"jet-form-builder__field-label for-radio\">\n<input type=\"radio\" name=\"szemelyek_szama\" value=\"7\" data-field-name=\"szemelyek_szama\"  class=\"jet-form-builder__field radio-field checkradio-field szemelyek\" required=\"required\"><span>7<\/span><\/label><\/div><div class=\"jet-form-builder__field-wrap radio-wrap checkradio-wrap\"><label class=\"jet-form-builder__field-label for-radio\">\n<input type=\"radio\" name=\"szemelyek_szama\" value=\"8\" data-field-name=\"szemelyek_szama\"  class=\"jet-form-builder__field radio-field checkradio-field szemelyek\" required=\"required\"><span>8<\/span><\/label><\/div><div class=\"jet-form-builder__field-wrap radio-wrap checkradio-wrap\"><label class=\"jet-form-builder__field-label for-radio\">\n<input type=\"radio\" name=\"szemelyek_szama\" value=\"9\" data-field-name=\"szemelyek_szama\"  class=\"jet-form-builder__field radio-field checkradio-field szemelyek\" required=\"required\"><span>9<\/span><\/label><\/div><\/div>\n<\/div>\n\n\n<div style=\"height:25px\" aria-hidden=\"true\" class=\"wp-block-spacer\"><\/div>\n\n\n<div class=\"jet-form-builder__next-page-wrap\">\n\t\t\t\t\t<button data-jfb-conditional=\"[{&quot;page_state&quot;:&quot;active&quot;}]\" data-jfb-func=\"disable\" class=\"jet-form-builder__next-page\" type=\"button\">Tov\u00e1bb az adatok megad\u00e1s\u00e1hoz<\/button>\n\t<\/div>\n<\/div>\n<div class=\"jet-form-builder-page jet-form-builder-page--hidden\" data-page=\"2\" data-page-offset=\"75\">\n\n\n<p class=\"cimsor\">Foglal\u00e1si adatok<\/p>\n\n\n<div  class=\"jet-form-builder-row field-type-text-field\" >\n<div class=\"jet-form-builder__label\">\r\n<div class=\"jet-form-builder__label-text\">N\u00e9v <span class=\"jet-form-builder__required\">*<\/span><\/div><\/div><div class=\"jet-form-builder__field-wrap\">\n\t\t\t\t<input required=\"required\" name=\"nev\" id=\"nev\" type=\"text\" data-field-name=\"nev\" class=\"jet-form-builder__field text-field\" data-jfb-sync=\"null\" autocomplete=\"off_GD4RJszo\">\n\t\t\t\t\t<\/div>\n<\/div>\n\n\n<div class=\"wp-block-columns is-layout-flex wp-container-core-columns-is-layout-28f84493 wp-block-columns-is-layout-flex\">\n<div class=\"wp-block-column is-layout-flow wp-block-column-is-layout-flow\"><div  class=\"jet-form-builder-row field-type-text-field\" >\n<div class=\"jet-form-builder__label\">\r\n<div class=\"jet-form-builder__label-text\">Email c\u00edm <span class=\"jet-form-builder__required\">*<\/span><\/div><\/div><div class=\"jet-form-builder__field-wrap\">\n\t\t\t\t<input required=\"required\" name=\"user_email\" id=\"user_email\" type=\"email\" data-field-name=\"user_email\" class=\"jet-form-builder__field text-field\" data-jfb-sync=\"null\" autocomplete=\"off_NBP2VkUb\">\n\t\t\t\t\t<\/div>\n<\/div><\/div>\n\n\n\n<div class=\"wp-block-column is-layout-flow wp-block-column-is-layout-flow\"><div  class=\"jet-form-builder-row field-type-text-field\" >\n<div class=\"jet-form-builder__label\">\r\n<div class=\"jet-form-builder__label-text\">Telefonsz\u00e1m <span class=\"jet-form-builder__required\">*<\/span><\/div><\/div><div class=\"jet-form-builder__field-wrap\">\n\t\t\t\t<input required=\"required\" name=\"telefonszam\" id=\"telefonszam\" type=\"text\" data-field-name=\"telefonszam\" class=\"jet-form-builder__field text-field\" data-jfb-sync=\"null\" autocomplete=\"off_rQ9TfsDz\">\n\t\t\t\t\t<\/div>\n<\/div><\/div>\n<\/div>\n\n\n<div  class=\"jet-form-builder-row field-type-textarea-field\" >\n<div class=\"jet-form-builder__label\">\r\n<div class=\"jet-form-builder__label-text\">Megjegyz\u00e9s<\/div><\/div><div class=\"jet-form-builder__field-wrap\">\n\t\t<textarea class=\"jet-form-builder__field textarea-field\" name=\"Megjegyzs\" data-field-name=\"Megjegyzs\" id=\"Megjegyzs\" data-jfb-sync=\"null\"><\/textarea>\n\t<\/div>\n<\/div>\n\n\n<div style=\"height:25px\" aria-hidden=\"true\" class=\"wp-block-spacer\"><\/div>\n\n\n<div  class=\"jet-form-builder-row field-type-checkbox-field\" >\n<div class=\"jet-form-builder__fields-group checkradio-wrap\" data-jfb-sync><div class=\"jet-form-builder__field-wrap checkboxes-wrap checkradio-wrap\"><label class=\"jet-form-builder__field-label for-checkbox\">\n\t\t\t<input type=\"checkbox\" name=\"field_name\" value=\"adatvedelem\" data-field-name=\"field_name\"  class=\"jet-form-builder__field checkboxes-field checkradio-field\" required=\"required\"><span><span class=\"adatvedelemt\">Kijelentem, hogy jelen <a href=\"https:\/\/mirage-etterem.hu\/wp-content\/uploads\/2022\/12\/adatvedelemi-nyilatkozat.pdf\" class=\"adatlink\" target=\"_blank\">adatkezel\u00e9si t\u00e1j\u00e9koztat\u00f3t<\/a> megismertem, az abban foglaltakat elfogadom, szem\u00e9lyes adataim kezel\u00e9s\u00e9hez<\/span><\/span><\/label><\/div><\/div>\n<\/div>\n\n<div  class=\"jet-form-builder-row field-type-submit-field\" >\n\t<div data-type=\"submit\" class=\"jet-form-builder__action-button-wrapper jet-form-builder__submit-wrap\">\n\t<button class=\"jet-form-builder__action-button jet-form-builder__submit submit-type-reload\" type=\"submit\">Foglal\u00e1s<\/button>\n\t<\/div>\n\t\n<\/div><\/div>\t<div class=\"jet-form-builder-messages-wrap\" data-form-id=\"1822\"><\/div>\n<\/form>\n\t\t\t\t<\/div>\n\t\t\t\t<\/div>\n\t\t\t\t\t<\/div>\n\t\t\t\t<\/div>\n\t\t\t\t\t<\/div>\n\t\t\t\t<\/div>\n\t\t\t\t\t<\/div>\n\t\t\t\t<\/div>\n\t\t\t\t<\/div>\n\t\t","protected":false},"excerpt":{"rendered":"<p>Mi v\u00e1runk, ha tudjuk, hogy j\u00f6ssz! ASZTALFOGLAL\u00c1S Foglald le asztalod n\u00e9h\u00e1ny kattint\u00e1ssal, \u00edgy felk\u00e9sz\u00fclten v\u00e1runk majd a megadott id\u0151pontban, hogy \u00e9tterm\u00fcnk legjav\u00e1t ny\u00fajthassuk Neked \u00e9s a veled \u00e9rkez\u0151knek! Foglal\u00e1si napt\u00e1runkb\u00f3l k\u00f6nnyen ki tudod v\u00e1lasztani a d\u00e1tumot, ezt k\u00f6vet\u0151en a tervezett id\u0151pontot, majd azt, hogy h\u00e1ny f\u0151vel \u00e9rkeztek. Ha valamilyen k\u00e9r\u00e9sed is van, akkor azt a [&hellip;]<\/p>\n","protected":false},"author":4,"featured_media":0,"parent":0,"menu_order":0,"comment_status":"closed","ping_status":"closed","template":"elementor_header_footer","meta":{"footnotes":""},"class_list":["post-1664","page","type-page","status-publish","hentry"],"_links":{"self":[{"href":"https:\/\/mirage-etterem.hu\/en\/wp-json\/wp\/v2\/pages\/1664","targetHints":{"allow":["GET"]}}],"collection":[{"href":"https:\/\/mirage-etterem.hu\/en\/wp-json\/wp\/v2\/pages"}],"about":[{"href":"https:\/\/mirage-etterem.hu\/en\/wp-json\/wp\/v2\/types\/page"}],"author":[{"embeddable":true,"href":"https:\/\/mirage-etterem.hu\/en\/wp-json\/wp\/v2\/users\/4"}],"replies":[{"embeddable":true,"href":"https:\/\/mirage-etterem.hu\/en\/wp-json\/wp\/v2\/comments?post=1664"}],"version-history":[{"count":88,"href":"https:\/\/mirage-etterem.hu\/en\/wp-json\/wp\/v2\/pages\/1664\/revisions"}],"predecessor-version":[{"id":2005,"href":"https:\/\/mirage-etterem.hu\/en\/wp-json\/wp\/v2\/pages\/1664\/revisions\/2005"}],"wp:attachment":[{"href":"https:\/\/mirage-etterem.hu\/en\/wp-json\/wp\/v2\/media?parent=1664"}],"curies":[{"name":"wp","href":"https:\/\/api.w.org\/{rel}","templated":true}]}}