{"id":4076,"date":"2025-12-19T07:03:38","date_gmt":"2025-12-19T07:03:38","guid":{"rendered":"https:\/\/mirage-etterem.hu\/?page_id=4076"},"modified":"2026-01-09T08:56:16","modified_gmt":"2026-01-09T08:56:16","slug":"ajandekutalvany","status":"publish","type":"page","link":"https:\/\/mirage-etterem.hu\/en\/ajandekutalvany\/","title":{"rendered":"Gift coupon"},"content":{"rendered":"<div data-elementor-type=\"wp-page\" data-elementor-id=\"4076\" class=\"elementor elementor-4076\" data-elementor-post-type=\"page\">\n\t\t\t\t<div class=\"elementor-element elementor-element-99d2a90 e-flex e-con-boxed e-con e-parent\" data-id=\"99d2a90\" data-element_type=\"container\" data-e-type=\"container\" data-settings=\"{&quot;background_background&quot;:&quot;classic&quot;}\">\n\t\t\t\t\t<div class=\"e-con-inner\">\n\t\t\t\t<div class=\"elementor-element elementor-element-5c7dfa3 elementor-widget elementor-widget-heading\" data-id=\"5c7dfa3\" data-element_type=\"widget\" data-e-type=\"widget\" data-widget_type=\"heading.default\">\n\t\t\t\t<div class=\"elementor-widget-container\">\n\t\t\t\t\t<h2 class=\"elementor-heading-title elementor-size-default\">Gift coupon<\/h2>\t\t\t\t<\/div>\n\t\t\t\t<\/div>\n\t\t\t\t\t<\/div>\n\t\t\t\t<\/div>\n\t\t<div class=\"elementor-element elementor-element-0065f91 e-flex e-con-boxed e-con e-parent\" data-id=\"0065f91\" data-element_type=\"container\" data-e-type=\"container\">\n\t\t\t\t\t<div class=\"e-con-inner\">\n\t\t<div class=\"elementor-element elementor-element-eb9122f e-flex e-con-boxed e-con e-child\" data-id=\"eb9122f\" data-element_type=\"container\" data-e-type=\"container\">\n\t\t\t\t\t<div class=\"e-con-inner\">\n\t\t<div class=\"elementor-element elementor-element-d688de6 e-con-full e-flex e-con e-child\" data-id=\"d688de6\" data-element_type=\"container\" data-e-type=\"container\">\n\t\t\t\t<div class=\"elementor-element elementor-element-cf3ac1e elementor-widget elementor-widget-text-editor\" data-id=\"cf3ac1e\" data-element_type=\"widget\" data-e-type=\"widget\" data-widget_type=\"text-editor.default\">\n\t\t\t\t<div class=\"elementor-widget-container\">\n\t\t\t\t\t\t\t\t\t<h2 style=\"margin-top: 0px; margin-bottom: 0.5rem; font-family: sans-serif; text-align: left;\">Aj\u00e1nd\u00e9kozz \u00e9lm\u00e9nyt, ami eml\u00e9kezetes marad<\/h2><p style=\"margin-top: 0px; margin-bottom: 0.5rem; font-family: sans-serif; text-align: left;\">Egy k\u00fcl\u00f6nleges pillanat nem f\u00e9r dobozba &#8211; de \u00e1tadhat\u00f3. A Mirage aj\u00e1nd\u00e9kutalv\u00e1ny egy k\u00f6z\u00f6sen meg\u00e9lt \u00e9lm\u00e9ny, karakteres \u00edzek, pr\u00e9mium steak, letisztult elegancia \u00e9s az a hangulat, ami\u00e9rt \u00e9rdemes asztalhoz \u00fclni. Legyen sz\u00f3 \u00fcnnepl\u00e9sr\u0151l, meglepet\u00e9sr\u0151l vagy egy est\u00e9r\u0151l kettesben &#8211; ez az aj\u00e1nd\u00e9k mindig j\u00f3 d\u00f6nt\u00e9s.<\/p>\t\t\t\t\t\t\t\t<\/div>\n\t\t\t\t<\/div>\n\t\t\t\t<div class=\"elementor-element elementor-element-c41fa27 elementor-align-center elementor-widget elementor-widget-button\" data-id=\"c41fa27\" data-element_type=\"widget\" data-e-type=\"widget\" data-widget_type=\"button.default\">\n\t\t\t\t<div class=\"elementor-widget-container\">\n\t\t\t\t\t\t\t\t\t<div class=\"elementor-button-wrapper\">\n\t\t\t\t\t<a class=\"elementor-button elementor-button-link elementor-size-lg\" href=\"https:\/\/booking.hoteldelibab.hu\/mirage-etterem-karacsonyi-utalvany\" target=\"_blank\" rel=\"noopener\">\n\t\t\t\t\t\t<span class=\"elementor-button-content-wrapper\">\n\t\t\t\t\t\t\t\t\t<span class=\"elementor-button-text\">AJ\u00c1ND\u00c9KOZOK \u00c9LM\u00c9NYT<\/span>\n\t\t\t\t\t<\/span>\n\t\t\t\t\t<\/a>\n\t\t\t\t<\/div>\n\t\t\t\t\t\t\t\t<\/div>\n\t\t\t\t<\/div>\n\t\t\t\t<div class=\"elementor-element elementor-element-7bd534c elementor-widget elementor-widget-text-editor\" data-id=\"7bd534c\" data-element_type=\"widget\" data-e-type=\"widget\" data-widget_type=\"text-editor.default\">\n\t\t\t\t<div class=\"elementor-widget-container\">\n\t\t\t\t\t\t\t\t\t<h3>Az aj\u00e1nd\u00e9kutalv\u00e1ny tartalma \u00e9s r\u00e9szletei<\/h3><hr \/><p style=\"margin: 24px 0px;\">Aj\u00e1nd\u00e9kutalv\u00e1nyunk a kiv\u00e1lasztott \u00e9rt\u00e9knek megfelel\u0151en szabadon felhaszn\u00e1lhat\u00f3 a Mirage \u00e0 la carte \u00e9tterem vil\u00e1g\u00e1ban.<\/p><p style=\"margin-top: 0px; margin-bottom: 1rem; font-size: 16px;\">\"Line cooking done well is a beautiful thing to watch. It's a high-speed collaboration resembling, at its best, ballet or modern dance.\" \/Anthony Bourdain\/<\/p><p style=\"margin-top: 0px; margin-bottom: 1rem; font-size: 16px;\">N\u00e1lunk az \u00e9telk\u00e9sz\u00edt\u00e9s nem rejtett folyamat. L\u00e1tv\u00e1nykonyh\u00e1nk teljesen nyitott \u2013 a mozdulatok, az illatok \u00e9s a koncentr\u00e1ci\u00f3 mind r\u00e9szei az \u00e9lm\u00e9nynek. A konyh\u00e1ban minden mozdulat c\u00e9llal sz\u00fcletik, hogy az \u00edzek mell\u00e9 figyelem \u00e9s \u00e9lm\u00e9ny ker\u00fclj\u00f6n az asztalodra.<\/p><p>Ez nem egy alkalom. Ez Mirage-\u00e9lm\u00e9ny.<\/p><hr style=\"margin: 24px 0px;\" \/><h5>Felhaszn\u00e1l\u00e1s felt\u00e9telei<\/h5><p data-start=\"326\" data-end=\"513\">Az aj\u00e1nd\u00e9kutalv\u00e1ny a Mirage \u00c9tterem \u00e9tel- \u00e9s italk\u00edn\u00e1lat\u00e1ra \u00e9rv\u00e9nyes, el\u0151zetes asztalfoglal\u00e1s mellett, a mindenkori foglalts\u00e1g figyelembev\u00e9tel\u00e9vel. P\u00e9nzbeli ellen\u00e9rt\u00e9kre nem v\u00e1lthat\u00f3.<\/p>\t\t\t\t\t\t\t\t<\/div>\n\t\t\t\t<\/div>\n\t\t\t\t<\/div>\n\t\t<div class=\"elementor-element elementor-element-5b411fd e-con-full e-flex e-con e-child\" data-id=\"5b411fd\" data-element_type=\"container\" data-e-type=\"container\">\n\t\t\t\t<div class=\"elementor-element elementor-element-0fad1e5 elementor-widget elementor-widget-image\" data-id=\"0fad1e5\" data-element_type=\"widget\" data-e-type=\"widget\" data-widget_type=\"image.default\">\n\t\t\t\t<div class=\"elementor-widget-container\">\n\t\t\t\t\t\t\t\t\t\t\t\t\t\t\t<img fetchpriority=\"high\" decoding=\"async\" width=\"720\" height=\"540\" src=\"https:\/\/mirage-etterem.hu\/wp-content\/uploads\/2023\/12\/ajandekutalvany-mirage.jpg\" class=\"attachment-full size-full wp-image-2489\" alt=\"\" srcset=\"https:\/\/mirage-etterem.hu\/wp-content\/uploads\/2023\/12\/ajandekutalvany-mirage.jpg 720w, https:\/\/mirage-etterem.hu\/wp-content\/uploads\/2023\/12\/ajandekutalvany-mirage-300x225.jpg 300w\" sizes=\"(max-width: 720px) 100vw, 720px\" \/>\t\t\t\t\t\t\t\t\t\t\t\t\t\t\t<\/div>\n\t\t\t\t<\/div>\n\t\t\t\t<div class=\"elementor-element elementor-element-16bca08 elementor-widget elementor-widget-image\" data-id=\"16bca08\" data-element_type=\"widget\" data-e-type=\"widget\" data-widget_type=\"image.default\">\n\t\t\t\t<div class=\"elementor-widget-container\">\n\t\t\t\t\t\t\t\t\t\t\t\t\t\t\t<img decoding=\"async\" width=\"719\" height=\"540\" src=\"https:\/\/mirage-etterem.hu\/wp-content\/uploads\/2023\/10\/mirage-etterem2-e1701945057870.webp\" class=\"attachment-full size-full wp-image-2442\" alt=\"\" srcset=\"https:\/\/mirage-etterem.hu\/wp-content\/uploads\/2023\/10\/mirage-etterem2-e1701945057870.webp 719w, https:\/\/mirage-etterem.hu\/wp-content\/uploads\/2023\/10\/mirage-etterem2-e1701945057870-300x225.webp 300w\" sizes=\"(max-width: 719px) 100vw, 719px\" \/>\t\t\t\t\t\t\t\t\t\t\t\t\t\t\t<\/div>\n\t\t\t\t<\/div>\n\t\t\t\t<div class=\"elementor-element elementor-element-ca3e5f5 elementor-widget elementor-widget-image\" data-id=\"ca3e5f5\" data-element_type=\"widget\" data-e-type=\"widget\" data-widget_type=\"image.default\">\n\t\t\t\t<div class=\"elementor-widget-container\">\n\t\t\t\t\t\t\t\t\t\t\t\t\t\t\t<img decoding=\"async\" width=\"720\" height=\"570\" src=\"https:\/\/mirage-etterem.hu\/wp-content\/uploads\/2023\/12\/Mirage-tarja-rakott-burgonya-kapia-SM.jpeg\" class=\"attachment-full size-full wp-image-2566\" alt=\"\u00c9tlap | Mirage \u00c9tterem Hajd\u00faszoboszl\u00f3\" srcset=\"https:\/\/mirage-etterem.hu\/wp-content\/uploads\/2023\/12\/Mirage-tarja-rakott-burgonya-kapia-SM.jpeg 720w, https:\/\/mirage-etterem.hu\/wp-content\/uploads\/2023\/12\/Mirage-tarja-rakott-burgonya-kapia-SM-300x238.jpeg 300w\" sizes=\"(max-width: 720px) 100vw, 720px\" \/>\t\t\t\t\t\t\t\t\t\t\t\t\t\t\t<\/div>\n\t\t\t\t<\/div>\n\t\t\t\t<\/div>\n\t\t\t\t\t<\/div>\n\t\t\t\t<\/div>\n\t\t\t\t\t<\/div>\n\t\t\t\t<\/div>\n\t\t<div class=\"elementor-element elementor-element-3fc9dfe e-con-full e-flex e-con e-parent\" data-id=\"3fc9dfe\" data-element_type=\"container\" data-e-type=\"container\">\n\t\t\t\t<div class=\"elementor-element elementor-element-d063543 elementor-widget elementor-widget-google_maps\" data-id=\"d063543\" data-element_type=\"widget\" data-e-type=\"widget\" data-widget_type=\"google_maps.default\">\n\t\t\t\t<div class=\"elementor-widget-container\">\n\t\t\t\t\t\t\t<div class=\"elementor-custom-embed\">\n\t\t\t<iframe loading=\"lazy\"\n\t\t\t\t\tsrc=\"https:\/\/maps.google.com\/maps?q=J%C3%B3zsef%20Attila%20u.%205-7.%20Hajd%C3%BAszoboszl%C3%B3%204200&#038;t=m&#038;z=16&#038;output=embed&#038;iwloc=near\"\n\t\t\t\t\ttitle=\"J\u00f3zsef Attila u. 5-7. Hajd\u00faszoboszl\u00f3 4200\"\n\t\t\t\t\taria-label=\"J\u00f3zsef Attila u. 5-7. Hajd\u00faszoboszl\u00f3 4200\"\n\t\t\t><\/iframe>\n\t\t<\/div>\n\t\t\t\t\t\t<\/div>\n\t\t\t\t<\/div>\n\t\t\t\t<\/div>\n\t\t\t\t<\/div>","protected":false},"excerpt":{"rendered":"<p>Aj\u00e1nd\u00e9kutalv\u00e1ny Aj\u00e1nd\u00e9kozz \u00e9lm\u00e9nyt, ami eml\u00e9kezetes marad Egy k\u00fcl\u00f6nleges pillanat nem f\u00e9r dobozba &#8211; de \u00e1tadhat\u00f3. A Mirage aj\u00e1nd\u00e9kutalv\u00e1ny egy k\u00f6z\u00f6sen meg\u00e9lt \u00e9lm\u00e9ny, karakteres \u00edzek, pr\u00e9mium steak, letisztult elegancia \u00e9s az a hangulat, ami\u00e9rt \u00e9rdemes asztalhoz \u00fclni. Legyen sz\u00f3 \u00fcnnepl\u00e9sr\u0151l, meglepet\u00e9sr\u0151l vagy egy est\u00e9r\u0151l kettesben &#8211; ez az aj\u00e1nd\u00e9k mindig j\u00f3 d\u00f6nt\u00e9s. AJ\u00c1ND\u00c9KOZOK \u00c9LM\u00c9NYT Az aj\u00e1nd\u00e9kutalv\u00e1ny [&hellip;]<\/p>\n","protected":false},"author":3,"featured_media":0,"parent":0,"menu_order":0,"comment_status":"closed","ping_status":"closed","template":"elementor_header_footer","meta":{"footnotes":""},"class_list":["post-4076","page","type-page","status-publish","hentry"],"_links":{"self":[{"href":"https:\/\/mirage-etterem.hu\/en\/wp-json\/wp\/v2\/pages\/4076","targetHints":{"allow":["GET"]}}],"collection":[{"href":"https:\/\/mirage-etterem.hu\/en\/wp-json\/wp\/v2\/pages"}],"about":[{"href":"https:\/\/mirage-etterem.hu\/en\/wp-json\/wp\/v2\/types\/page"}],"author":[{"embeddable":true,"href":"https:\/\/mirage-etterem.hu\/en\/wp-json\/wp\/v2\/users\/3"}],"replies":[{"embeddable":true,"href":"https:\/\/mirage-etterem.hu\/en\/wp-json\/wp\/v2\/comments?post=4076"}],"version-history":[{"count":22,"href":"https:\/\/mirage-etterem.hu\/en\/wp-json\/wp\/v2\/pages\/4076\/revisions"}],"predecessor-version":[{"id":4208,"href":"https:\/\/mirage-etterem.hu\/en\/wp-json\/wp\/v2\/pages\/4076\/revisions\/4208"}],"wp:attachment":[{"href":"https:\/\/mirage-etterem.hu\/en\/wp-json\/wp\/v2\/media?parent=4076"}],"curies":[{"name":"wp","href":"https:\/\/api.w.org\/{rel}","templated":true}]}}